{"id":239,"date":"2015-09-17T16:09:43","date_gmt":"2015-09-17T14:09:43","guid":{"rendered":"http:\/\/h2179449.stratoserver.net\/autoclubtrier\/wordpress\/?page_id=239"},"modified":"2022-09-19T17:45:44","modified_gmt":"2022-09-19T15:45:44","slug":"quadriga-t","status":"publish","type":"page","link":"https:\/\/autoclub-trier.de\/index.php\/quadriga-t\/","title":{"rendered":"Quadriga"},"content":{"rendered":"<h2>Quadriga Treverorum<\/h2>\n<p>Die \u201eQuadriga Treverorum\u201c ist die Sportabteilung des Auto-Club Trier.<br \/>\nAlle Sportfahrer \/ Lizenzfahrer des Auto-Club k\u00f6nnen die DMSB Bewerber-Lizenz nutzen, die j\u00e4hrlich f\u00fcr die Teilnahme der Mitglieder an den Lizenzpflichtigen Motorsport Veranstaltungen (National und International) bereit gestellt wird.<br \/>\nDie Sportabteilung unter dem eigenen Namen wurde gegr\u00fcndet um den Interessen der Sportfahrer innerhalb des Auto-Club besonderes Gewicht zu verleihen als Gegenpol zu den eher touristisch interessierten Mitgliedern aus der Gr\u00fcndungs- und Bl\u00fctezeit des Auto-Club Trier.<br \/>\nIm Vorstandskreis wurde darum auch die Position des Sportleiters geschaffen. Der Sportleiter ist jeweils selbst langj\u00e4hriger und erfahrener Motorsportler und steht den interessierten mit Rat und Tat zur Seite.<br \/>\nAuch innerhalb der Sportfahrergruppe erfolgt ein offener Austausch von dem besonders auch Einsteiger profitieren k\u00f6nnen.<br \/>\n&nbsp;<\/p>\n<h2>Geschichte der Quadriga Treverorum<\/h2>\n<p>Die Geschichte der Quadriga Treverorum beginnt eigentlich mit dem &#8222;Slot-Racing-Team Trier&#8220; im Jahr 1966.<br \/>\nHurtig Theisen, der Inhaber des Trierer Spielwarengesch\u00e4fts &#8222;M\u00e4rklin-Theisen&#8220;, war mit den Zwillingsbr\u00fcdern Fren und Haddy Zimmer befreundet. Alle drei bauten Flugmodelle. Theisen kam auf die Idee, eine neue &#8222;Slot-Racing-Bahn&#8220; in Saarbr\u00fccken zu besuchen. Dort fuhren kleine Modellautos mit Stromabnehmer in einem Schlitz (Slot! Carrera-Bahn) und der Fahrer konnte mit einem Geschwindigkeitsregler in der Hand kr\u00e4ftig Gas geben, mit den Modellautos driften und Rennen fahren.<br \/>\nDas machte riesig Spa\u00df und man entschloss sich, eine Slot-Rating-Bahn in Trier zu bauen, und als Gesch\u00e4ftsmodell zu betreiben. Die Zwillinge bauten die Bahn, Theisen den elektronischen Rundenz\u00e4hler, schlie\u00dflich sollten acht Fahrer auf einer fast 50 m langen Rennbahn mit Steilkurve bestens \u00fcber den Rennverlauf informiert sein.<br \/>\nDie Rennbahn war nicht nur bei den Sch\u00fclern beliebt, sondern zog nach Feierabend auch zahlreiche rennbegeisterte Erwachsene in die Zuckerbergstra\u00dfe, wo sich die Rennbahn befand. Es sind noch die Namen Manfred Jacobi, Manni Kirbach, Wolfgang Orth, J\u00fcrgen Sch\u00fcmmelfeder, Herbert Auler, Norbert Bauer, Leo Schaffer, Rolf Langen, Mecco Frede, G\u00fcnter Steinmetz, J\u00fcrgen Helmhold bekannt, die zur Stammkundschaft z\u00e4hlten. In einer &#8222;Nachtsitzung&#8220; entschloss man sich, das &#8222;Slot-Racing-Team Trier&#8216; zu gr\u00fcnden.<\/p>\n<p>Die Rennbahn wurde nach einem Jahr nach Luxemburg verkauft und aus dem &#8222;Slot-Racing-Team Trier wurde das &#8222;Racing-Team\u00ad Trier&#8220; mit den oben genannten Gr\u00fcndungsmitgliedern, weil zur gleichen Zeit in und um Trier Auto-Slaloms und Orientierungsfahrten stattfanden, die sich ebenfalls gro\u00dfer Beliebtheit erfreuten. Warum also nicht die Modellautos mit den richtigen Autos tauschen?<br \/>\nEs bildeten sich nach kurzer Zeit zwei Interessengruppen im Racing-Team Trier: die Aktiven und die Geselligen!<\/p>\n<p>Durch eine geplante Beitragserh\u00f6hung, die nur von den aktiven Mitgliedern bef\u00fcrwortet wurde, zerbrach der Club in &#8222;Racing-Team\u00ad Trier e.V.&#8220; und, auf Vorschlag von Leo Schaffer, &#8222;Quadriga Treverorum&#8220;, das neue Zuhause f\u00fcr die seinerzeit aktiven Motorsportler. Damit unter einer Bewerberlizenz gefahren werden konnte, musste ein Weg zur Mitgliedschaft im ADAC gefunden werden. Haddy Zimmer als Sportwart setzte sich mit Josef Meissner, dem Pr\u00e4sidenten des Auto-Clubs Trier 1922 e.V., in Verbindung und fragte an, ob man an der Aufnahme junger Motorsportler interessiert sei. Auf den Namen &#8222;Quadriga Treverorum&#8220; wollten wir nicht verzichten, und die Hauptversammlung stimmte zu, dass man als &#8222;Quadriga- Treverorum, Sportabteilung des Auto-Clubs Trier 1922 e.V.&#8220; aufgenommen wurde. Die junge Gruppe musste sich sofort um das Reiler Moto Cross k\u00fcmmern, das bereits 20 Jahre vom Auto-Club-Trier im sportlichen Teil, und von der Gemeinde Reil mit dem Weinfest im geselligen Teil jedes Jahr organisiert wurde.<br \/>\nUnter der Bewerberlizenz &#8222;Quadriga-Treverorum&#8220; wurden Rennen, u. a. auf dem N\u00fcrburgring gefahren und zur Erheiterung der Insider f\u00fchrte der Name beim Streckensprecher regelm\u00e4\u00dfig zum &#8222;Zungenbrecher&#8220;. Es war ein au\u00dfergew\u00f6hnlicher Name f\u00fcr eine Motorsportgruppe aus der r\u00f6mischen Stadt Trier, aber einpr\u00e4gsam und originell bis heute!<\/p>\n","protected":false},"excerpt":{"rendered":"<p>Quadriga Treverorum Die \u201eQuadriga Treverorum\u201c ist die Sportabteilung des Auto-Club Trier. Alle Sportfahrer \/ Lizenzfahrer des Auto-Club k\u00f6nnen die DMSB Bewerber-Lizenz nutzen, die j\u00e4hrlich f\u00fcr die Teilnahme der Mitglieder an den Lizenzpflichtigen Motorsport Veranstaltungen (National und International) bereit gestellt wird. Die Sportabteilung unter dem eigenen Namen wurde gegr\u00fcndet um den Interessen der Sportfahrer innerhalb des [&hellip;]<\/p>\n","protected":false},"author":2,"featured_media":0,"parent":0,"menu_order":0,"comment_status":"closed","ping_status":"closed","template":"","meta":{"_acf_changed":false,"ngg_post_thumbnail":0,"footnotes":""},"class_list":["post-239","page","type-page","status-publish","hentry"],"acf":[],"jetpack_sharing_enabled":true,"jetpack_shortlink":"https:\/\/wp.me\/P6Sk7b-3R","_links":{"self":[{"href":"https:\/\/autoclub-trier.de\/index.php\/wp-json\/wp\/v2\/pages\/239","targetHints":{"allow":["GET"]}}],"collection":[{"href":"https:\/\/autoclub-trier.de\/index.php\/wp-json\/wp\/v2\/pages"}],"about":[{"href":"https:\/\/autoclub-trier.de\/index.php\/wp-json\/wp\/v2\/types\/page"}],"author":[{"embeddable":true,"href":"https:\/\/autoclub-trier.de\/index.php\/wp-json\/wp\/v2\/users\/2"}],"replies":[{"embeddable":true,"href":"https:\/\/autoclub-trier.de\/index.php\/wp-json\/wp\/v2\/comments?post=239"}],"version-history":[{"count":18,"href":"https:\/\/autoclub-trier.de\/index.php\/wp-json\/wp\/v2\/pages\/239\/revisions"}],"predecessor-version":[{"id":834,"href":"https:\/\/autoclub-trier.de\/index.php\/wp-json\/wp\/v2\/pages\/239\/revisions\/834"}],"wp:attachment":[{"href":"https:\/\/autoclub-trier.de\/index.php\/wp-json\/wp\/v2\/media?parent=239"}],"curies":[{"name":"wp","href":"https:\/\/api.w.org\/{rel}","templated":true}]}}