{"id":22,"date":"2015-08-25T15:31:20","date_gmt":"2015-08-25T13:31:20","guid":{"rendered":"http:\/\/h2179449.stratoserver.net\/autoclubtrier\/wordpress\/?page_id=22"},"modified":"2022-09-24T15:52:43","modified_gmt":"2022-09-24T13:52:43","slug":"der-club","status":"publish","type":"page","link":"https:\/\/autoclub-trier.de\/index.php\/willkommen\/der-club\/","title":{"rendered":"Der Club"},"content":{"rendered":"<p>Unser Club ist f\u00fcr jeden etwas, der das Hobby \u201eAuto\u201c im weitesten Sinne pflegt. Zum einen sind unsere Mitglieder Oldtimerfans, teilweise mit und teilweise ohne \u201eSchraubererfahrung\u201c, zum anderen pflegen andere von uns den aktiven Motorrennsport. Aber auch Sportwagen- und Youngtimerbesitzer sind zahlreich vertreten.<\/p>\n<p>Gemeinsam ist uns die Liebe und Begeisterung zum Automobil. Wir treffen uns regelm\u00e4\u00dfig um uns auszutauschen, gegenseitig Tipps und Ratschl\u00e4ge zu geben oder einfach nur, um gemeinsam \u00fcber Autos aber auch \u00fcber viele andere Dinge zu sprechen.<\/p>\n<p>Selbstverst\u00e4ndlich haben wir regelm\u00e4\u00dfige gemeinsame Ausfahrten und Veranstaltungen, siehe Aktivit\u00e4ten.<\/p>\n<p>&nbsp;<\/p>\n<h2>Stammtisch<\/h2>\n<p>Die Mitglieder des Clubs treffen sich regelm\u00e4\u00dfig zu einen Stammtisch, immer am ersten Mittwoch jedes Monats ab 19:00 Uhr in teils wechselnden Lokalit\u00e4ten. Aktueller Treffpunkt ist das \u201eGasthaus Karlsm\u00fchle\u201c bei Mertesdorf (gro\u00dfer Parkplatz vorhanden). Interessierte G\u00e4ste sind immer willkommen!<\/p>\n<p>&nbsp;<\/p>\n<h2>Satzung<\/h2>\n<p><a class=\"satzung-icon\" href=\"https:\/\/autoclub-trier.de\/wp-content\/uploads\/2018\/01\/satzung_autoclub_trier.pdf\" target=\"_blank\" rel=\"noopener\">satzung.pdf<\/a><\/p>\n","protected":false},"excerpt":{"rendered":"<p>Unser Club ist f\u00fcr jeden etwas, der das Hobby \u201eAuto\u201c im weitesten Sinne pflegt. Zum einen sind unsere Mitglieder Oldtimerfans, teilweise mit und teilweise ohne \u201eSchraubererfahrung\u201c, zum anderen pflegen andere von uns den aktiven Motorrennsport. Aber auch Sportwagen- und Youngtimerbesitzer sind zahlreich vertreten. Gemeinsam ist uns die Liebe und Begeisterung zum Automobil. Wir treffen uns [&hellip;]<\/p>\n","protected":false},"author":3,"featured_media":0,"parent":5,"menu_order":0,"comment_status":"closed","ping_status":"closed","template":"","meta":{"_acf_changed":false,"ngg_post_thumbnail":0,"footnotes":""},"class_list":["post-22","page","type-page","status-publish","hentry"],"acf":[],"jetpack_sharing_enabled":true,"jetpack_shortlink":"https:\/\/wp.me\/P6Sk7b-m","_links":{"self":[{"href":"https:\/\/autoclub-trier.de\/index.php\/wp-json\/wp\/v2\/pages\/22","targetHints":{"allow":["GET"]}}],"collection":[{"href":"https:\/\/autoclub-trier.de\/index.php\/wp-json\/wp\/v2\/pages"}],"about":[{"href":"https:\/\/autoclub-trier.de\/index.php\/wp-json\/wp\/v2\/types\/page"}],"author":[{"embeddable":true,"href":"https:\/\/autoclub-trier.de\/index.php\/wp-json\/wp\/v2\/users\/3"}],"replies":[{"embeddable":true,"href":"https:\/\/autoclub-trier.de\/index.php\/wp-json\/wp\/v2\/comments?post=22"}],"version-history":[{"count":26,"href":"https:\/\/autoclub-trier.de\/index.php\/wp-json\/wp\/v2\/pages\/22\/revisions"}],"predecessor-version":[{"id":852,"href":"https:\/\/autoclub-trier.de\/index.php\/wp-json\/wp\/v2\/pages\/22\/revisions\/852"}],"up":[{"embeddable":true,"href":"https:\/\/autoclub-trier.de\/index.php\/wp-json\/wp\/v2\/pages\/5"}],"wp:attachment":[{"href":"https:\/\/autoclub-trier.de\/index.php\/wp-json\/wp\/v2\/media?parent=22"}],"curies":[{"name":"wp","href":"https:\/\/api.w.org\/{rel}","templated":true}]}}