{"id":17,"date":"2015-08-25T15:29:30","date_gmt":"2015-08-25T13:29:30","guid":{"rendered":"http:\/\/h2179449.stratoserver.net\/autoclubtrier\/wordpress\/?page_id=17"},"modified":"2024-01-04T18:19:41","modified_gmt":"2024-01-04T17:19:41","slug":"impressum","status":"publish","type":"page","link":"https:\/\/autoclub-trier.de\/index.php\/impressum\/","title":{"rendered":"Impressum"},"content":{"rendered":"<div class=\"white-links\">\n<h2>Verantwortlich f\u00fcr Inhalt und Bilder<\/h2>\n<p>Auto-Club Trier<br \/>\n<a href=\"mailto:info@autoclub-trier.de\">info@autoclub-trier.de<\/a><\/p>\n<p>&nbsp;<\/p>\n<h2>Haftungsausschluss<\/h2>\n<p>Inhalte<br \/>\nAls Diensteanbieter sind wir gem\u00e4\u00df \u00a7 7 Abs.1 TMG f\u00fcr eigene Inhalte auf diesen Seiten nach den allgemeinen Gesetzen verantwortlich.<\/p>\n<p>Urheberrecht<br \/>\nAlle auf dieser Website ver\u00f6ffentlichten Texte, Bilder und Grafiken sind urheberrechtlich gesch\u00fctzt und d\u00fcrfen nicht vervielf\u00e4ltigt, bearbeitet oder verbreitet werden.<\/p>\n<p>Links<br \/>\nWir \u00fcbernehmen keine Haftung f\u00fcr Inhalte externer Links. F\u00fcr den Inhalt der verlinkten Seiten&nbsp;sind ausschlie\u00dflich deren Betreiber verantwortlich.<\/p>\n<p>&nbsp;<\/p>\n<h2>\u00a9 2022 Auto-Club Trier<\/h2>\n<\/div>\n","protected":false},"excerpt":{"rendered":"<p>Verantwortlich f\u00fcr Inhalt und Bilder Auto-Club Trier info@autoclub-trier.de &nbsp; Haftungsausschluss Inhalte Als Diensteanbieter sind wir gem\u00e4\u00df \u00a7 7 Abs.1 TMG f\u00fcr eigene Inhalte auf diesen Seiten nach den allgemeinen Gesetzen verantwortlich. Urheberrecht Alle auf dieser Website ver\u00f6ffentlichten Texte, Bilder und Grafiken sind urheberrechtlich gesch\u00fctzt und d\u00fcrfen nicht vervielf\u00e4ltigt, bearbeitet oder verbreitet werden. Links Wir \u00fcbernehmen [&hellip;]<\/p>\n","protected":false},"author":3,"featured_media":0,"parent":0,"menu_order":0,"comment_status":"closed","ping_status":"closed","template":"","meta":{"_acf_changed":false,"ngg_post_thumbnail":0,"footnotes":""},"class_list":["post-17","page","type-page","status-publish","hentry"],"acf":[],"jetpack_sharing_enabled":true,"jetpack_shortlink":"https:\/\/wp.me\/P6Sk7b-h","_links":{"self":[{"href":"https:\/\/autoclub-trier.de\/index.php\/wp-json\/wp\/v2\/pages\/17","targetHints":{"allow":["GET"]}}],"collection":[{"href":"https:\/\/autoclub-trier.de\/index.php\/wp-json\/wp\/v2\/pages"}],"about":[{"href":"https:\/\/autoclub-trier.de\/index.php\/wp-json\/wp\/v2\/types\/page"}],"author":[{"embeddable":true,"href":"https:\/\/autoclub-trier.de\/index.php\/wp-json\/wp\/v2\/users\/3"}],"replies":[{"embeddable":true,"href":"https:\/\/autoclub-trier.de\/index.php\/wp-json\/wp\/v2\/comments?post=17"}],"version-history":[{"count":23,"href":"https:\/\/autoclub-trier.de\/index.php\/wp-json\/wp\/v2\/pages\/17\/revisions"}],"predecessor-version":[{"id":881,"href":"https:\/\/autoclub-trier.de\/index.php\/wp-json\/wp\/v2\/pages\/17\/revisions\/881"}],"wp:attachment":[{"href":"https:\/\/autoclub-trier.de\/index.php\/wp-json\/wp\/v2\/media?parent=17"}],"curies":[{"name":"wp","href":"https:\/\/api.w.org\/{rel}","templated":true}]}}